{"id":255,"date":"2017-05-09T13:28:06","date_gmt":"2017-05-09T13:28:06","guid":{"rendered":"http:\/\/www.aviriovingis.lt\/apartamentai\/"},"modified":"2017-10-20T07:41:20","modified_gmt":"2017-10-20T07:41:20","slug":"mieszkanie","status":"publish","type":"page","link":"https:\/\/www.aviriovingis.lt\/pl\/mieszkanie\/","title":{"rendered":"Mieszkanie"},"content":{"rendered":"<p><em>Willa Avirio vingis<\/em> oferuje wynajem pokoi na brzegu jeziora Aviris. Do dyspozycji go\u015bci: standardowe pokoje dwuosobowe (z balkonem na stron\u0119 jeziora lub lasu), pokoje czteroosobowe (z balkonem na stron\u0119 jeziora lub lasu) oraz luksusowe apartamenty z jacuzzi. We wszystkich pokojach mo\u017cna wygodnie zamieszka\u0107 z dzie\u0107mi (w pokojach, z wyj\u0105tkiem czteroosobowych, istnieje mo\u017cliwo\u015b\u0107 dostawki).<\/p>\n","protected":false},"excerpt":{"rendered":"<p>Willa Avirio vingis oferuje wynajem pokoi na brzegu jeziora Aviris. Do dyspozycji go\u015bci: standardowe pokoje dwuosobowe (z balkonem na stron\u0119 jeziora lub lasu), pokoje czteroosobowe (z balkonem na stron\u0119 jeziora lub lasu) oraz luksusowe apartamenty z jacuzzi. We wszystkich pokojach mo\u017cna wygodnie zamieszka\u0107 z dzie\u0107mi (w pokojach, z wyj\u0105tkiem czteroosobowych, istnieje mo\u017cliwo\u015b\u0107 dostawki).<\/p>\n","protected":false},"author":2,"featured_media":0,"parent":0,"menu_order":0,"comment_status":"closed","ping_status":"closed","template":"apartments.php","meta":[],"_links":{"self":[{"href":"https:\/\/www.aviriovingis.lt\/pl\/wp-json\/wp\/v2\/pages\/255"}],"collection":[{"href":"https:\/\/www.aviriovingis.lt\/pl\/wp-json\/wp\/v2\/pages"}],"about":[{"href":"https:\/\/www.aviriovingis.lt\/pl\/wp-json\/wp\/v2\/types\/page"}],"author":[{"embeddable":true,"href":"https:\/\/www.aviriovingis.lt\/pl\/wp-json\/wp\/v2\/users\/2"}],"replies":[{"embeddable":true,"href":"https:\/\/www.aviriovingis.lt\/pl\/wp-json\/wp\/v2\/comments?post=255"}],"version-history":[{"count":3,"href":"https:\/\/www.aviriovingis.lt\/pl\/wp-json\/wp\/v2\/pages\/255\/revisions"}],"predecessor-version":[{"id":969,"href":"https:\/\/www.aviriovingis.lt\/pl\/wp-json\/wp\/v2\/pages\/255\/revisions\/969"}],"wp:attachment":[{"href":"https:\/\/www.aviriovingis.lt\/pl\/wp-json\/wp\/v2\/media?parent=255"}],"curies":[{"name":"wp","href":"https:\/\/api.w.org\/{rel}","templated":true}]}}