{"id":265,"date":"2017-05-09T13:28:34","date_gmt":"2017-05-09T13:28:34","guid":{"rendered":"http:\/\/www.aviriovingis.lt\/sventes\/"},"modified":"2020-12-04T11:15:36","modified_gmt":"2020-12-04T11:15:36","slug":"ferie","status":"publish","type":"page","link":"https:\/\/www.aviriovingis.lt\/pl\/ferie\/","title":{"rendered":"Ferie"},"content":{"rendered":"<p>Poszanowanie wobec tradycji, rodziny, kraju oraz ludzi, d\u0105\u017c\u0105cych do osi\u0105gni\u0119cia sukcesu \u2013 to podstawowe warto\u015bci, kt\u00f3re stanowi\u0105 dla nas natchnienie w przygotowywaniu uroczysto\u015bci, utrzymanych na najwy\u017cszym poziomie. Od czterech lat oferujemy pomoc przy organizacji r\u00f3\u017cnych imprez, przygotowujemy \u015bwi\u0119ta, starannie przestrzegaj\u0105c uzgodnie\u0144. \u015awiadcz\u0105c profesjonalne us\u0142ugi swoim go\u015bciom po\u015bwi\u0119camy szczeg\u00f3ln\u0105 uwag\u0119. Niepowtarzalny zak\u0105tek przyrody, w kt\u00f3rym znajduje si\u0119 <em>willa Avirio vingis<\/em> z parkiem rze\u017ab, strefami wypoczynku i jeziorem stanowi jeszcze jeden czynnik, decyduj\u0105cy o atmosferze i powodzeniu ka\u017cdej imprezy. Promieniuj\u0105ce przepychem otoczenie willi jedynie wzmacnia w ka\u017cdym go\u015bciu podnios\u0142y \u015bwi\u0105teczny nastr\u00f3j.<\/p>\n<p>W sali mieszcz\u0105cej oko\u0142o 60 os\u00f3b przy okr\u0105g\u0142ych i prostok\u0105tnych sto\u0142ach oraz oko\u0142o 80 go\u015bci podczas imprez stoj\u0105cych mo\u017cna organizowa\u0107 najwi\u0119ksze uroczysto\u015bci rodzinne: wesela, chrzciny, jubileusze, r\u00f3\u017cne przyj\u0119cia, bankiety lub rauty. Jest to te\u017c doskona\u0142e miejsce na spotkania lub szkolenia firmowe.<\/p>\n<p>Oferowane przez nas us\u0142ugi pozwol\u0105 prze\u017cy\u0107 niezapomniane chwile. W g\u0142\u00f3wnej sali do dyspozycji go\u015bci jest nowoczesny sprz\u0119t nag\u0142a\u015bniaj\u0105cy i o\u015bwietleniowy, specjalny podest dla muzyk\u00f3w, czynny jest bar. Je\u017celi uroczysto\u015b\u0107 zosta\u0142a zaplanowana na ch\u0142odniejsz\u0105 por\u0119 roku, ciep\u0142a i nastrojowo\u015bci doda p\u0142omie\u0144 w kominku. Du\u017ca i nowocze\u015bnie wyposa\u017cona kuchnia jest dostosowana do przygotowania nawet najbardziej wykwintnych da\u0144.<\/p>\n<p>Dla mi\u0142o\u015bnik\u00f3w aktywnych uroczysto\u015bci oferujemy teren o powierzchni 4 ha, na kt\u00f3rym jeste\u015bmy gotowi zorganizowa\u0107 r\u00f3\u017cnego rodzaju imprezy: jest miejsce na ustawienie sceny koncertowej, rozmieszczenie namiot\u00f3w, zorganizowanie wypraw lub zabaw na \u015bwie\u017cym powietrzu. Do dyspozycji jest plac zabaw dla dzieci i punkt widokowy, altanki, rowery wodne, pla\u017ca, park rze\u017ab, le\u017caki i grill ze wszystkimi akcesoriami.<\/p>\n<p>Czekamy na Pa\u0144stwa przez ca\u0142y rok!<\/p>\n","protected":false},"excerpt":{"rendered":"<p>Poszanowanie wobec tradycji, rodziny, kraju oraz ludzi, d\u0105\u017c\u0105cych do osi\u0105gni\u0119cia sukcesu \u2013 to podstawowe warto\u015bci, kt\u00f3re stanowi\u0105 dla nas natchnienie w przygotowywaniu uroczysto\u015bci, utrzymanych na najwy\u017cszym poziomie. Od czterech lat oferujemy pomoc przy organizacji r\u00f3\u017cnych imprez, przygotowujemy \u015bwi\u0119ta, starannie przestrzegaj\u0105c uzgodnie\u0144. \u015awiadcz\u0105c profesjonalne us\u0142ugi swoim go\u015bciom po\u015bwi\u0119camy szczeg\u00f3ln\u0105 uwag\u0119. Niepowtarzalny zak\u0105tek przyrody, w kt\u00f3rym znajduje [&hellip;]<\/p>\n","protected":false},"author":2,"featured_media":0,"parent":0,"menu_order":0,"comment_status":"closed","ping_status":"closed","template":"main_party.php","meta":[],"_links":{"self":[{"href":"https:\/\/www.aviriovingis.lt\/pl\/wp-json\/wp\/v2\/pages\/265"}],"collection":[{"href":"https:\/\/www.aviriovingis.lt\/pl\/wp-json\/wp\/v2\/pages"}],"about":[{"href":"https:\/\/www.aviriovingis.lt\/pl\/wp-json\/wp\/v2\/types\/page"}],"author":[{"embeddable":true,"href":"https:\/\/www.aviriovingis.lt\/pl\/wp-json\/wp\/v2\/users\/2"}],"replies":[{"embeddable":true,"href":"https:\/\/www.aviriovingis.lt\/pl\/wp-json\/wp\/v2\/comments?post=265"}],"version-history":[{"count":7,"href":"https:\/\/www.aviriovingis.lt\/pl\/wp-json\/wp\/v2\/pages\/265\/revisions"}],"predecessor-version":[{"id":2823,"href":"https:\/\/www.aviriovingis.lt\/pl\/wp-json\/wp\/v2\/pages\/265\/revisions\/2823"}],"wp:attachment":[{"href":"https:\/\/www.aviriovingis.lt\/pl\/wp-json\/wp\/v2\/media?parent=265"}],"curies":[{"name":"wp","href":"https:\/\/api.w.org\/{rel}","templated":true}]}}