{"id":275,"date":"2017-05-09T13:28:54","date_gmt":"2017-05-09T13:28:54","guid":{"rendered":"http:\/\/www.aviriovingis.lt\/kontaktai\/"},"modified":"2017-10-19T09:33:29","modified_gmt":"2017-10-19T09:33:29","slug":"kontakt","status":"publish","type":"page","link":"https:\/\/www.aviriovingis.lt\/pl\/kontakt\/","title":{"rendered":"Kontakt"},"content":{"rendered":"<p>Drodzy Go\u015bcie, je\u017celi po zapoznaniu si\u0119 ze stron\u0105 maj\u0105 Pa\u0144stwo dodatkowe pytania lub chc\u0105 si\u0119 poradzi\u0107, prosimy o kontakt \u2013 ch\u0119tnie poznamy Pa\u0144stwa \u017cyczenia, udzielimy bardziej szczeg\u00f3\u0142owych informacji i doradzimy. Do zobaczenia!<\/p>\n","protected":false},"excerpt":{"rendered":"<p>Drodzy Go\u015bcie, je\u017celi po zapoznaniu si\u0119 ze stron\u0105 maj\u0105 Pa\u0144stwo dodatkowe pytania lub chc\u0105 si\u0119 poradzi\u0107, prosimy o kontakt \u2013 ch\u0119tnie poznamy Pa\u0144stwa \u017cyczenia, udzielimy bardziej szczeg\u00f3\u0142owych informacji i doradzimy. Do zobaczenia!<\/p>\n","protected":false},"author":2,"featured_media":0,"parent":0,"menu_order":0,"comment_status":"closed","ping_status":"closed","template":"contact.php","meta":[],"_links":{"self":[{"href":"https:\/\/www.aviriovingis.lt\/pl\/wp-json\/wp\/v2\/pages\/275"}],"collection":[{"href":"https:\/\/www.aviriovingis.lt\/pl\/wp-json\/wp\/v2\/pages"}],"about":[{"href":"https:\/\/www.aviriovingis.lt\/pl\/wp-json\/wp\/v2\/types\/page"}],"author":[{"embeddable":true,"href":"https:\/\/www.aviriovingis.lt\/pl\/wp-json\/wp\/v2\/users\/2"}],"replies":[{"embeddable":true,"href":"https:\/\/www.aviriovingis.lt\/pl\/wp-json\/wp\/v2\/comments?post=275"}],"version-history":[{"count":3,"href":"https:\/\/www.aviriovingis.lt\/pl\/wp-json\/wp\/v2\/pages\/275\/revisions"}],"predecessor-version":[{"id":960,"href":"https:\/\/www.aviriovingis.lt\/pl\/wp-json\/wp\/v2\/pages\/275\/revisions\/960"}],"wp:attachment":[{"href":"https:\/\/www.aviriovingis.lt\/pl\/wp-json\/wp\/v2\/media?parent=275"}],"curies":[{"name":"wp","href":"https:\/\/api.w.org\/{rel}","templated":true}]}}