{"id":293,"date":"2017-05-18T10:27:43","date_gmt":"2017-05-18T10:27:43","guid":{"rendered":"http:\/\/www.aviriovingis.lt\/ferie\/vestuves\/"},"modified":"2017-11-29T01:12:35","modified_gmt":"2017-11-29T01:12:35","slug":"slub","status":"publish","type":"page","link":"https:\/\/www.aviriovingis.lt\/pl\/ferie\/slub\/","title":{"rendered":"\u015alub"},"content":{"rendered":"<p>\u0160vent\u0117se prie apvali\u0173 stal\u0173 ar keturkamp\u0173 gali dalyvauti\u00a0<strong>iki 60 sve\u010di\u0173 su nakvyn\u0119<\/strong>. Esame tur\u0117je \u012fmoni\u0173 renginius<strong>\u00a0su 100 \u017emoni\u0173<\/strong>. Teritorija erdvi, norintiems rengti \u012fmoni\u0173 renginius ar kitus renginius pakanka erdvios teritorijos ir scenai statyti koncertams ar lauko i\u0161kyloms. Sal\u0117je, jeigu renginys stovimas, telpa<strong>\u00a0iki 80 \u017emoni\u0173<\/strong>.<\/p>\n","protected":false},"excerpt":{"rendered":"<p>\u0160vent\u0117se prie apvali\u0173 stal\u0173 ar keturkamp\u0173 gali dalyvauti\u00a0iki 60 sve\u010di\u0173 su nakvyn\u0119. Esame tur\u0117je \u012fmoni\u0173 renginius\u00a0su 100 \u017emoni\u0173. Teritorija erdvi, norintiems rengti \u012fmoni\u0173 renginius ar kitus renginius pakanka erdvios teritorijos ir scenai statyti koncertams ar lauko i\u0161kyloms. Sal\u0117je, jeigu renginys stovimas, telpa\u00a0iki 80 \u017emoni\u0173.<\/p>\n","protected":false},"author":2,"featured_media":0,"parent":265,"menu_order":0,"comment_status":"closed","ping_status":"closed","template":"party.php","meta":[],"_links":{"self":[{"href":"https:\/\/www.aviriovingis.lt\/pl\/wp-json\/wp\/v2\/pages\/293"}],"collection":[{"href":"https:\/\/www.aviriovingis.lt\/pl\/wp-json\/wp\/v2\/pages"}],"about":[{"href":"https:\/\/www.aviriovingis.lt\/pl\/wp-json\/wp\/v2\/types\/page"}],"author":[{"embeddable":true,"href":"https:\/\/www.aviriovingis.lt\/pl\/wp-json\/wp\/v2\/users\/2"}],"replies":[{"embeddable":true,"href":"https:\/\/www.aviriovingis.lt\/pl\/wp-json\/wp\/v2\/comments?post=293"}],"version-history":[{"count":3,"href":"https:\/\/www.aviriovingis.lt\/pl\/wp-json\/wp\/v2\/pages\/293\/revisions"}],"predecessor-version":[{"id":1292,"href":"https:\/\/www.aviriovingis.lt\/pl\/wp-json\/wp\/v2\/pages\/293\/revisions\/1292"}],"up":[{"embeddable":true,"href":"https:\/\/www.aviriovingis.lt\/pl\/wp-json\/wp\/v2\/pages\/265"}],"wp:attachment":[{"href":"https:\/\/www.aviriovingis.lt\/pl\/wp-json\/wp\/v2\/media?parent=293"}],"curies":[{"name":"wp","href":"https:\/\/api.w.org\/{rel}","templated":true}]}}