{"id":883,"date":"2017-09-21T12:49:38","date_gmt":"2017-09-21T12:49:38","guid":{"rendered":"http:\/\/www.aviriovingis.lt\/?page_id=883"},"modified":"2020-10-19T14:44:20","modified_gmt":"2020-10-19T14:44:20","slug":"luksusowy-apartament","status":"publish","type":"page","link":"https:\/\/www.aviriovingis.lt\/pl\/mieszkanie\/luksusowy-apartament\/","title":{"rendered":"Luksusowy apartament"},"content":{"rendered":"<p>Luksusowy apartament w <em>willi<\/em> Avirio vingis wyr\u00f3\u017cnia si\u0119 swoj\u0105 przestronno\u015bci\u0105, \u015bwiat\u0142em przedostaj\u0105cym si\u0119 przez \u015bwietliki dachowe oraz widokiem na las, roztaczaj\u0105cym si\u0119 z balkonu. Jest to doskona\u0142y wyb\u00f3r, je\u017celi chce si\u0119 zapomnie\u0107 o po\u015bpiechu i troskach dnia codziennego, dotkn\u0105\u0107 natury i rozkoszowa\u0107 si\u0119 niepowtarzalnym spokojem.<\/p>\n<p>Dla wygody go\u015bci w luksusowym apartamencie jest strefa wypoczynkowa ze stolikiem gazetowym, wygodne \u0142\u00f3\u017cko i garderoba. W nowocze\u015bnie urz\u0105dzonej \u0142azience do dyspozycji jest jacuzzi, kt\u00f3re pozwoli zrelaksowa\u0107 si\u0119 i poczu\u0107 smak prawdziwego wypoczynku z delikatn\u0105 symfoni\u0105 lasu w tle.<\/p>\n<p><strong>Wyposa\u017cenie pokoju:<\/strong><\/p>\n<ul>\n<li>p\u0142aski telewizor<\/li>\n<li>bezp\u0142atny Internet bezprzewodowy<\/li>\n<li>jacuzzi<\/li>\n<li>\u015brodki higieny<\/li>\n<li>r\u0119czniki<\/li>\n<li>sztu\u0107ce i naczynia<\/li>\n<li>czajnik elektryczny oraz bezp\u0142atna herbata\/kawa<\/li>\n<li>dostawka (zamawiana zawczasu)<\/li>\n<\/ul>\n<p><strong>Cena obejmuje:<\/strong><\/p>\n<ul>\n<li>\u015bniadanie<\/li>\n<li>parking<\/li>\n<li>altanki (latem)<\/li>\n<li>miejsce na pla\u017cy (latem)<\/li>\n<li>le\u017caki pla\u017cowe (latem)<\/li>\n<li>plac zabaw dla dzieci<\/li>\n<\/ul>\n<p><strong>Dodatkowe p\u0142atne us\u0142ugi:<\/strong><\/p>\n<ul>\n<li>dostawka<\/li>\n<li>wynajem sali bankietowej<\/li>\n<li>rowery wodne<\/li>\n<li>grill (op\u0142ata za drewno)<\/li>\n<\/ul>\n","protected":false},"excerpt":{"rendered":"<p>Luksusowy apartament w willi Avirio vingis wyr\u00f3\u017cnia si\u0119 swoj\u0105 przestronno\u015bci\u0105, \u015bwiat\u0142em przedostaj\u0105cym si\u0119 przez \u015bwietliki dachowe oraz widokiem na las, roztaczaj\u0105cym si\u0119 z balkonu. Jest to doskona\u0142y wyb\u00f3r, je\u017celi chce si\u0119 zapomnie\u0107 o po\u015bpiechu i troskach dnia codziennego, dotkn\u0105\u0107 natury i rozkoszowa\u0107 si\u0119 niepowtarzalnym spokojem. Dla wygody go\u015bci w luksusowym apartamencie jest strefa wypoczynkowa ze [&hellip;]<\/p>\n","protected":false},"author":2,"featured_media":390,"parent":255,"menu_order":1,"comment_status":"closed","ping_status":"closed","template":"rooms.php","meta":[],"_links":{"self":[{"href":"https:\/\/www.aviriovingis.lt\/pl\/wp-json\/wp\/v2\/pages\/883"}],"collection":[{"href":"https:\/\/www.aviriovingis.lt\/pl\/wp-json\/wp\/v2\/pages"}],"about":[{"href":"https:\/\/www.aviriovingis.lt\/pl\/wp-json\/wp\/v2\/types\/page"}],"author":[{"embeddable":true,"href":"https:\/\/www.aviriovingis.lt\/pl\/wp-json\/wp\/v2\/users\/2"}],"replies":[{"embeddable":true,"href":"https:\/\/www.aviriovingis.lt\/pl\/wp-json\/wp\/v2\/comments?post=883"}],"version-history":[{"count":14,"href":"https:\/\/www.aviriovingis.lt\/pl\/wp-json\/wp\/v2\/pages\/883\/revisions"}],"predecessor-version":[{"id":1817,"href":"https:\/\/www.aviriovingis.lt\/pl\/wp-json\/wp\/v2\/pages\/883\/revisions\/1817"}],"up":[{"embeddable":true,"href":"https:\/\/www.aviriovingis.lt\/pl\/wp-json\/wp\/v2\/pages\/255"}],"wp:featuredmedia":[{"embeddable":true,"href":"https:\/\/www.aviriovingis.lt\/pl\/wp-json\/wp\/v2\/media\/390"}],"wp:attachment":[{"href":"https:\/\/www.aviriovingis.lt\/pl\/wp-json\/wp\/v2\/media?parent=883"}],"curies":[{"name":"wp","href":"https:\/\/api.w.org\/{rel}","templated":true}]}}